{"id":3740,"date":"2026-02-22T10:42:44","date_gmt":"2026-02-22T09:42:44","guid":{"rendered":"https:\/\/www.roudour.bzh\/?post_type=product&#038;p=3740"},"modified":"2026-04-22T11:55:17","modified_gmt":"2026-04-22T09:55:17","slug":"langue-bretonne-niveau-avance-niveau-vise-b1","status":"publish","type":"product","link":"https:\/\/www.roudour.bzh\/br\/stummadurio\u00f9\/stummaduriou-berr\/pendant-la-formation-longue\/langue-bretonne-niveau-avance-niveau-vise-b1\/","title":{"rendered":"Objectif B1 &#8211; Niveau avanc\u00e9"},"content":{"rendered":"<div class=\"wpb-content-wrapper\"><p>[vc_row][vc_column width=&nbsp;&raquo;2\/3&Prime;][vc_column_text css=&nbsp;&raquo;&nbsp;&raquo;]<\/p>\n<div>\n<h3>Objectifs de la formation<\/h3>\n<\/div>\n<p style=\"text-align: justify;\">Comprendre \u00e0 l&rsquo;oral :<\/p>\n<ul>\n<li>la totalit\u00e9 des conversations courantes,<\/li>\n<li>l&rsquo;essentiel des informations radio et t\u00e9l\u00e9vis\u00e9es.<\/li>\n<\/ul>\n<p style=\"text-align: justify;\">S&rsquo;exprimer \u00e0 l&rsquo;\u00e9crit :<\/p>\n<ul>\n<li>restituer des \u00e9l\u00e9ment compris,<\/li>\n<li>exprimer son point de vue par un argumentaire simple.<\/li>\n<\/ul>\n<p style=\"text-align: justify;\">S&rsquo;exprimer \u00e0 l&rsquo;oral :<\/p>\n<ul>\n<li>participer activement \u00e0 des conversations sur des sujets familiers,<\/li>\n<li>d\u00e9crire ses sentiments et souhaits,<\/li>\n<li>exprimer simplement ses id\u00e9es, son point de vue de fa\u00e7on spontan\u00e9e.<\/li>\n<\/ul>\n<p style=\"text-align: justify;\">Comprendre des textes :<\/p>\n<ul>\n<li>comprendre des textes relatifs \u00e0 la vie courante ou vie professionnelle,<\/li>\n<li>d\u00e9gager les informations importantes sur des sujets d&rsquo;actualit\u00e9 (politique, \u00e9v\u00e9nements soci\u00e9taux&#8230;).<\/li>\n<\/ul>\n<h3>Public vis\u00e9<\/h3>\n<p style=\"text-align: justify;\">Salari\u00e9s et individuels.<\/p>\n<h3 style=\"padding-top: 20px;\">M\u00e9thodes p\u00e9dagogiques<\/h3>\n<ul>\n<li>M\u00e9thode active : mise en situation \u2013 jeux de r\u00f4les.<\/li>\n<li>M\u00e9thode interrogative.<\/li>\n<li>M\u00e9thode expositive.<\/li>\n<\/ul>\n<p><img data-recalc-dims=\"1\" loading=\"lazy\" decoding=\"async\" class=\"wp-image-6199 alignnone\" src=\"https:\/\/i0.wp.com\/www.roudour.bzh\/wp-content\/uploads\/2020\/04\/pmr.png?resize=36%2C24&#038;ssl=1\" alt=\"\" width=\"36\" height=\"24\" \/>\u00a0 Acc\u00e8s PMR \u00e0 Quimper, Carhaix, Lannion et Lesneven.[\/vc_column_text][\/vc_column][vc_column width=&nbsp;&raquo;1\/3&Prime;][vc_hoverbox image=&nbsp;&raquo;2756&Prime; primary_title=&nbsp;&raquo;Comprendre&nbsp;&raquo; hover_title=&nbsp;&raquo;Comprendre&nbsp;&raquo;]<\/p>\n<p style=\"text-align: center;\">\u00c9coute documents audio<br \/>\nAcquisition de vocabulaire<br \/>\n\u00c9tude de textes<\/p>\n<p>[\/vc_hoverbox][vc_empty_space height=&nbsp;&raquo;20&Prime;][vc_hoverbox image=&nbsp;&raquo;2828&Prime; primary_title=&nbsp;&raquo;R\u00e9diger&nbsp;&raquo; hover_title=&nbsp;&raquo;R\u00e9diger&nbsp;&raquo;]<\/p>\n<p style=\"text-align: center;\">Construction de phrases<br \/>\nConjugaison de verbes<br \/>\nR\u00e9daction de situations<\/p>\n<p>[\/vc_hoverbox][vc_empty_space height=&nbsp;&raquo;20&Prime;][vc_hoverbox image=&nbsp;&raquo;2479&Prime; primary_title=&nbsp;&raquo;Argumenter&nbsp;&raquo; hover_title=&nbsp;&raquo;Argumenter&nbsp;&raquo;]<\/p>\n<p style=\"text-align: center;\">Jeux de r\u00f4le<br \/>\nMise en situation<br \/>\nOrganisation de d\u00e9bats<\/p>\n<p>[\/vc_hoverbox][vc_empty_space][vc_column_text css=&nbsp;&raquo;&nbsp;&raquo;]<\/p>\n<h5>utilisez votre CPF pour votre stage court :<\/h5>\n<p>[\/vc_column_text][vc_empty_space][vc_tta_tabs][vc_tta_section title=&nbsp;&raquo;Quimper&nbsp;&raquo; tab_id=&nbsp;&raquo;1745395869772-172c33fa-7e68&Prime;][vc_btn title=&nbsp;&raquo;J&rsquo;utilise mon CPF \u00e0 Quimper&nbsp;&raquo; color=&nbsp;&raquo;green&nbsp;&raquo; css=&nbsp;&raquo;&nbsp;&raquo; link=&nbsp;&raquo;url:https%3A%2F%2Fwww.moncompteformation.gouv.fr%2Fespace-prive%2Fhtml%2F%23%2Fformation%2Frecherche%2F40095268500032_BrezhonegsemaineB1%2F40095268500032_B1_s5d_KPR&nbsp;&raquo;][\/vc_tta_section][vc_tta_section title=&nbsp;&raquo;Lesneven&nbsp;&raquo; tab_id=&nbsp;&raquo;1762350319597-1594d2ba-aa03&Prime;][vc_btn title=&nbsp;&raquo;J&rsquo;utilise mon CPF \u00e0 Lesneven&nbsp;&raquo; color=&nbsp;&raquo;green&nbsp;&raquo; css=&nbsp;&raquo;&nbsp;&raquo; link=&nbsp;&raquo;url:https%3A%2F%2Fwww.moncompteformation.gouv.fr%2Fespace-prive%2Fhtml%2F%23%2Fformation%2Frecherche%2F40095268500032_BrezhonegsemaineB1%2F40095268500032_B1_s5d_LES&nbsp;&raquo;][\/vc_tta_section][vc_tta_section title=&nbsp;&raquo;Lannion&nbsp;&raquo; tab_id=&nbsp;&raquo;1776851498834-5ea559dd-ccaf&nbsp;&raquo;][vc_btn title=&nbsp;&raquo;J&rsquo;utilise mon CPF \u00e0 Lannion&nbsp;&raquo; color=&nbsp;&raquo;green&nbsp;&raquo; css=&nbsp;&raquo;&nbsp;&raquo; link=&nbsp;&raquo;url:https%3A%2F%2Fwww.moncompteformation.gouv.fr%2Fespace-prive%2Fhtml%2F%23%2Fformation%2Frecherche%2F40095268500032_BrezhonegsemaineB1%2F40095268500032_B1_s5d_LAN&nbsp;&raquo;][\/vc_tta_section][vc_tta_section title=&nbsp;&raquo;Lorient&nbsp;&raquo; tab_id=&nbsp;&raquo;1776851536196-aea362c7-0b8d&nbsp;&raquo;][vc_btn title=&nbsp;&raquo;J&rsquo;utilise mon CPF \u00e0 Lorient&nbsp;&raquo; color=&nbsp;&raquo;green&nbsp;&raquo; css=&nbsp;&raquo;&nbsp;&raquo; link=&nbsp;&raquo;url:https%3A%2F%2Fwww.moncompteformation.gouv.fr%2Fespace-prive%2Fhtml%2F%23%2Fformation%2Frecherche%2F40095268500032_BrezhonegsemaineB1%2F40095268500032_B1_s5d_AnO&nbsp;&raquo;][\/vc_tta_section][vc_tta_section title=&nbsp;&raquo;Pontivy&nbsp;&raquo; tab_id=&nbsp;&raquo;1776851550400-8a600e27-2fbd&nbsp;&raquo;][vc_btn title=&nbsp;&raquo;J&rsquo;utilise mon CPF \u00e0 Pontivy&nbsp;&raquo; color=&nbsp;&raquo;green&nbsp;&raquo; css=&nbsp;&raquo;&nbsp;&raquo; link=&nbsp;&raquo;url:https%3A%2F%2Fwww.moncompteformation.gouv.fr%2Fespace-prive%2Fhtml%2F%23%2Fformation%2Frecherche%2F40095268500032_BrezhonegsemaineB1%2F40095268500032_B1_s5d_PON&nbsp;&raquo;][\/vc_tta_section][\/vc_tta_tabs][\/vc_column][\/vc_row][vc_row el_class=&nbsp;&raquo;mg-top-30&Prime;][vc_column width=&nbsp;&raquo;1\/4&Prime;]            <div class=\"heading color-dark text-left \" >\n                                                <h2 class=\"heading-color fs-18\">\n                    Pr\u00e9requis                <\/h2>\n                            <\/div>\n            [vc_empty_space height=&nbsp;&raquo;10&Prime;][vc_column_text css=&nbsp;&raquo;&nbsp;&raquo; el_class=&nbsp;&raquo;content-icon-list&nbsp;&raquo;]<\/p>\n<ul>\n<li>Attester du niveau A2<\/li>\n<li>Savoir lire et \u00e9crire<\/li>\n<li>Appr\u00e9cier le travail en groupe<\/li>\n<li>Manifester un int\u00e9r\u00eat pour la langue bretonne<\/li>\n<\/ul>\n<p>[\/vc_column_text][\/vc_column][vc_column width=&nbsp;&raquo;1\/4&Prime;]            <div class=\"heading color-dark text-left \" >\n                                                <h2 class=\"heading-color fs-18\">\n                    \u00e9valuation et certification                <\/h2>\n                            <\/div>\n            [vc_empty_space height=&nbsp;&raquo;10&Prime;][vc_column_text css=&nbsp;&raquo;&nbsp;&raquo; el_class=&nbsp;&raquo;content-icon-list&nbsp;&raquo;]<\/p>\n<ul>\n<li>Auto-\u00e9valuation.<\/li>\n<li><a href=\"https:\/\/www.roudour.bzh\/le-diplome-de-competences-en-langue-dcl-breton\/\">Dipl\u00f4me de Comp\u00e9tence en Langue<\/a> en parcours certifiant (facultatif).<\/li>\n<\/ul>\n<p>[\/vc_column_text][\/vc_column][vc_column width=&nbsp;&raquo;1\/4&Prime;]            <div class=\"heading color-dark text-left \" >\n                                                <h2 class=\"heading-color fs-18\">\n                    Modalit\u00e9s d'acc\u00e8s                <\/h2>\n                            <\/div>\n            [vc_empty_space height=&nbsp;&raquo;10&Prime;][vc_column_text css=&nbsp;&raquo;&nbsp;&raquo; el_class=&nbsp;&raquo;content-icon-list&nbsp;&raquo;]<\/p>\n<ul>\n<li>De 7 \u00e0 15 stagiaires.<\/li>\n<li>Inscription via le site internet.<\/li>\n<li>Informations compl\u00e9mentaires au 02 98 99 75 81.<\/li>\n<\/ul>\n<p>[\/vc_column_text][\/vc_column][vc_column width=&nbsp;&raquo;1\/4&Prime;]            <div class=\"heading color-dark text-left \" >\n                                                <h2 class=\"heading-color fs-18\">\n                    Prix                <\/h2>\n                            <\/div>\n            [vc_empty_space height=&nbsp;&raquo;10&Prime;][vc_column_text css=&nbsp;&raquo;&nbsp;&raquo; el_class=&nbsp;&raquo;content-icon-list&nbsp;&raquo;]Individuel: 295 \u20ac<\/p>\n<p>Formation continue: 590 \u20ac[\/vc_column_text][\/vc_column][vc_column][vc_empty_space]            <div class=\"heading color-dark text-center \" >\n                                    <span class=\"s-color\"><i class=\"fa fa-star\"><\/i><\/span>\n                                                <h2 class=\"heading-color fs-18\">\n                    Dates et lieux                <\/h2>\n                                <p class=\"fs-14\">\n                    Du 26 au 30 octobre 2026 \u00e0 Lannion et Quimper, du 01 au 05 mars 2027 \u00e0 Quimper et Lorient, du 19 au 23 avril 2027 \u00e0 Lannion, Lesneven et Pontivy.                <\/p>\n                            <\/div>\n            [\/vc_column][\/vc_row][vc_row][vc_column][vc_empty_space][vc_btn title=&nbsp;&raquo;Je teste mon niveau&nbsp;&raquo; color=&nbsp;&raquo;green&nbsp;&raquo; align=&nbsp;&raquo;center&nbsp;&raquo; css=&nbsp;&raquo;&nbsp;&raquo; link=&nbsp;&raquo;url:https%3A%2F%2Fwww.roudour.bzh%2Ftestez-votre-niveau-de-breton%2F&nbsp;&raquo;][\/vc_column][\/vc_row]<\/p>\n<\/div>","protected":false},"excerpt":{"rendered":"<h4 style=\"text-align: center;\">QUIMPER &#8211; Lannion &#8211; Lorient &#8211; Lesneven &#8211; Pontivy<\/h4>\n","protected":false},"featured_media":3948,"comment_status":"closed","ping_status":"closed","template":"","meta":{"_price":"295","_stock":"","_tribe_ticket_header":"","_tribe_default_ticket_provider":"","_tribe_ticket_capacity":"5","_ticket_start_date":"","_ticket_end_date":"","_tribe_ticket_show_description":"","_tribe_ticket_show_not_going":false,"_tribe_ticket_use_global_stock":"","_tribe_ticket_global_stock_level":"","_global_stock_mode":"","_global_stock_cap":"","_tribe_rsvp_for_event":"","_tribe_ticket_going_count":"","_tribe_ticket_not_going_count":"","_tribe_tickets_list":"[]","_tribe_ticket_has_attendee_info_fields":false},"product_brand":[],"product_cat":[125,80],"product_tag":[],"class_list":{"0":"post-3740","1":"product","2":"type-product","3":"status-publish","4":"has-post-thumbnail","6":"product_cat-pendant-la-formation-longue","7":"product_cat-stummaduriou-berr","8":"product_shipping_class-formations-pas-de-livraison","10":"first","11":"instock","12":"featured","13":"shipping-taxable","14":"purchasable","15":"product-type-variable"},"jetpack_sharing_enabled":true,"_links":{"self":[{"href":"https:\/\/www.roudour.bzh\/br\/wp-json\/wp\/v2\/product\/3740","targetHints":{"allow":["GET"]}}],"collection":[{"href":"https:\/\/www.roudour.bzh\/br\/wp-json\/wp\/v2\/product"}],"about":[{"href":"https:\/\/www.roudour.bzh\/br\/wp-json\/wp\/v2\/types\/product"}],"replies":[{"embeddable":true,"href":"https:\/\/www.roudour.bzh\/br\/wp-json\/wp\/v2\/comments?post=3740"}],"wp:featuredmedia":[{"embeddable":true,"href":"https:\/\/www.roudour.bzh\/br\/wp-json\/wp\/v2\/media\/3948"}],"wp:attachment":[{"href":"https:\/\/www.roudour.bzh\/br\/wp-json\/wp\/v2\/media?parent=3740"}],"wp:term":[{"taxonomy":"product_brand","embeddable":true,"href":"https:\/\/www.roudour.bzh\/br\/wp-json\/wp\/v2\/product_brand?post=3740"},{"taxonomy":"product_cat","embeddable":true,"href":"https:\/\/www.roudour.bzh\/br\/wp-json\/wp\/v2\/product_cat?post=3740"},{"taxonomy":"product_tag","embeddable":true,"href":"https:\/\/www.roudour.bzh\/br\/wp-json\/wp\/v2\/product_tag?post=3740"}],"curies":[{"name":"wp","href":"https:\/\/api.w.org\/{rel}","templated":true}]}}