{"id":3760,"date":"2026-04-21T14:15:30","date_gmt":"2026-04-21T12:15:30","guid":{"rendered":"https:\/\/www.roudour.bzh\/?post_type=product&#038;p=3760"},"modified":"2026-04-21T15:36:18","modified_gmt":"2026-04-21T13:36:18","slug":"langue-bretonne-debutant-niveau-vise-a1","status":"publish","type":"product","link":"https:\/\/www.roudour.bzh\/br\/stummadurio\u00f9\/stummaduriou-berr\/pendant-la-formation-longue\/langue-bretonne-debutant-niveau-vise-a1\/","title":{"rendered":"Objectif A1 &#8211; Niveau d\u00e9butant"},"content":{"rendered":"<div class=\"wpb-content-wrapper\"><p>[vc_row][vc_column width=&nbsp;&raquo;2\/3&Prime;][vc_column_text css=&nbsp;&raquo;&nbsp;&raquo;]<\/p>\n<h3>Objectifs de la formation<\/h3>\n<p style=\"text-align: justify;\">Comprendre des expressions famili\u00e8res :<\/p>\n<ul>\n<li>comprendre des expressions et le vocabulaire du quotidien,<\/li>\n<li>comprendre des consignes claires et simples,<\/li>\n<li>reconna\u00eetre une question, une affirmation, un ordre.<\/li>\n<\/ul>\n<p style=\"text-align: justify;\">S&rsquo;exprimer \u00e0 l&rsquo;\u00e9crit :<\/p>\n<ul>\n<li>\u00e9crire des phrases simples d\u00e9j\u00e0 entendues,<\/li>\n<li>\u00e9crire un e-mail court.<\/li>\n<\/ul>\n<p style=\"text-align: justify;\">S&rsquo;exprimer \u00e0 l&rsquo;oral :<\/p>\n<ul>\n<li>saluer et prendre cong\u00e9,<\/li>\n<li>se pr\u00e9senter et pr\u00e9senter une personne,<\/li>\n<li>r\u00e9pondre \u00e0 des questions tr\u00e8s simples,<\/li>\n<li>d\u00e9crire une personne ou un lieu.<\/li>\n<\/ul>\n<p style=\"text-align: justify;\">Comprendre des textes courts :<\/p>\n<ul>\n<li>reconna\u00eetre des mots connus,<\/li>\n<li>comprendre une affiche, un panneau directionnel.<\/li>\n<\/ul>\n<h3>Public vis\u00e9<\/h3>\n<p style=\"text-align: justify;\">Salari\u00e9s et individuels.<\/p>\n<h3 style=\"padding-top: 20px;\">M\u00e9thodes p\u00e9dagogiques<\/h3>\n<ul>\n<li>M\u00e9thode active : mise en situation \u2013 jeux de r\u00f4les.<\/li>\n<li>M\u00e9thode interrogative.<\/li>\n<li>M\u00e9thode expositive.<\/li>\n<\/ul>\n<p><img data-recalc-dims=\"1\" loading=\"lazy\" decoding=\"async\" class=\"wp-image-6199 alignnone\" src=\"https:\/\/i0.wp.com\/www.roudour.bzh\/wp-content\/uploads\/2020\/04\/pmr.png?resize=36%2C24&#038;ssl=1\" alt=\"\" width=\"36\" height=\"24\" \/>\u00a0 Acc\u00e8s PMR \u00e0 Quimper, Carhaix, Lannion et Lesneven.[\/vc_column_text][\/vc_column][vc_column width=&nbsp;&raquo;1\/3&Prime;][vc_hoverbox image=&nbsp;&raquo;2756&Prime; primary_title=&nbsp;&raquo;Comprendre&nbsp;&raquo; hover_title=&nbsp;&raquo;Comprendre&nbsp;&raquo;]<\/p>\n<p style=\"text-align: center;\">\u00c9coute documents audio<br \/>\nAcquisition de vocabulaire<br \/>\n\u00c9tude de textes<\/p>\n<p>[\/vc_hoverbox][vc_empty_space height=&nbsp;&raquo;20&Prime;][vc_hoverbox image=&nbsp;&raquo;2828&Prime; primary_title=&nbsp;&raquo;R\u00e9diger&nbsp;&raquo; hover_title=&nbsp;&raquo;R\u00e9diger&nbsp;&raquo;]<\/p>\n<p style=\"text-align: center;\">Construction de phrases<br \/>\nConjugaison de verbes<br \/>\nR\u00e9daction de situations<\/p>\n<p>[\/vc_hoverbox][vc_empty_space height=&nbsp;&raquo;20&Prime;][vc_hoverbox image=&nbsp;&raquo;2479&Prime; primary_title=&nbsp;&raquo;Argumenter&nbsp;&raquo; hover_title=&nbsp;&raquo;Argumenter&nbsp;&raquo;]<\/p>\n<p style=\"text-align: center;\">Jeux de r\u00f4le<br \/>\nMise en situation<br \/>\nOrganisation de d\u00e9bats<\/p>\n<p>[\/vc_hoverbox][\/vc_column][\/vc_row][vc_row el_class=&nbsp;&raquo;mg-top-30&Prime;][vc_column width=&nbsp;&raquo;1\/4&Prime;]            <div class=\"heading color-dark text-left \" >\n                                                <h2 class=\"heading-color fs-18\">\n                    Pr\u00e9requis                <\/h2>\n                            <\/div>\n            [vc_empty_space height=&nbsp;&raquo;10&Prime;][vc_column_text css=&nbsp;&raquo;&nbsp;&raquo; el_class=&nbsp;&raquo;content-icon-list&nbsp;&raquo;]<\/p>\n<ul>\n<li>Savoir lire et \u00e9crire<\/li>\n<li>Appr\u00e9cier le travail en groupe<\/li>\n<li>Manifester un int\u00e9r\u00eat pour la langue bretonne<\/li>\n<\/ul>\n<p>[\/vc_column_text][\/vc_column][vc_column width=&nbsp;&raquo;1\/4&Prime;]            <div class=\"heading color-dark text-left \" >\n                                                <h2 class=\"heading-color fs-18\">\n                    Type d'\u00e9valuation                <\/h2>\n                            <\/div>\n            [vc_empty_space height=&nbsp;&raquo;10&Prime;][vc_column_text css=&nbsp;&raquo;&nbsp;&raquo; el_class=&nbsp;&raquo;content-icon-list&nbsp;&raquo;]Auto-\u00e9valuation.[\/vc_column_text][\/vc_column][vc_column width=&nbsp;&raquo;1\/4&Prime;]            <div class=\"heading color-dark text-left \" >\n                                                <h2 class=\"heading-color fs-18\">\n                    modalit\u00e9s d'acc\u00e8s                <\/h2>\n                            <\/div>\n            [vc_empty_space height=&nbsp;&raquo;10&Prime;][vc_column_text css=&nbsp;&raquo;&nbsp;&raquo; el_class=&nbsp;&raquo;content-icon-list&nbsp;&raquo;]<\/p>\n<ul>\n<li>De 4 \u00e0 12 stagiaires.<\/li>\n<li>Inscription via le site internet.<\/li>\n<li>Informations compl\u00e9mentaires au 02 98 99 75 81.<\/li>\n<\/ul>\n<p>[\/vc_column_text][\/vc_column][vc_column width=&nbsp;&raquo;1\/4&Prime;]            <div class=\"heading color-dark text-left \" >\n                                                <h2 class=\"heading-color fs-18\">\n                    Prix                <\/h2>\n                            <\/div>\n            [vc_empty_space height=&nbsp;&raquo;10&Prime;][vc_column_text css=&nbsp;&raquo;&nbsp;&raquo; el_class=&nbsp;&raquo;content-icon-list&nbsp;&raquo;]Individuel: 295 \u20ac<\/p>\n<p>Formation continue: 590 \u20ac[\/vc_column_text][\/vc_column][vc_column][vc_empty_space]            <div class=\"heading color-dark text-center \" >\n                                    <span class=\"s-color\"><i class=\"fa fa-star\"><\/i><\/span>\n                                                <h2 class=\"heading-color fs-18\">\n                    Dates et lieux                <\/h2>\n                                <p class=\"fs-14\">\n                    Du 26 au 30 octobre 2026 \u00e0 Quimper et Lannion, du 01 au 05 mars 2027 \u00e0 Quimper et Lorient, du 19 au 23 avril 2027 \u00e0 Lannion, Lesneven et Pontivy.                <\/p>\n                            <\/div>\n            [\/vc_column][\/vc_row][vc_row][vc_column][vc_empty_space][vc_btn title=&nbsp;&raquo;Je teste mon niveau&nbsp;&raquo; color=&nbsp;&raquo;green&nbsp;&raquo; align=&nbsp;&raquo;center&nbsp;&raquo; css=&nbsp;&raquo;&nbsp;&raquo; link=&nbsp;&raquo;url:https%3A%2F%2Fwww.roudour.bzh%2Ftestez-votre-niveau-de-breton%2F&nbsp;&raquo;][\/vc_column][\/vc_row]<\/p>\n<\/div>","protected":false},"excerpt":{"rendered":"<h4 style=\"text-align: center;\">\u00a0QUIMPER &#8211; Lannion &#8211; Lorient &#8211; Lesneven &#8211; Pontivy<\/h4>\n","protected":false},"featured_media":1790,"comment_status":"closed","ping_status":"closed","template":"","meta":{"_price":"295","_stock":null,"_tribe_ticket_header":"","_tribe_default_ticket_provider":"","_tribe_ticket_capacity":"9","_ticket_start_date":"","_ticket_end_date":"","_tribe_ticket_show_description":"","_tribe_ticket_show_not_going":false,"_tribe_ticket_use_global_stock":"","_tribe_ticket_global_stock_level":"","_global_stock_mode":"","_global_stock_cap":"","_tribe_rsvp_for_event":"","_tribe_ticket_going_count":"","_tribe_ticket_not_going_count":"","_tribe_tickets_list":"[]","_tribe_ticket_has_attendee_info_fields":false},"product_brand":[],"product_cat":[125,80],"product_tag":[],"class_list":{"0":"post-3760","1":"product","2":"type-product","3":"status-publish","4":"has-post-thumbnail","6":"product_cat-pendant-la-formation-longue","7":"product_cat-stummaduriou-berr","8":"product_shipping_class-formations-pas-de-livraison","10":"first","11":"instock","12":"featured","13":"shipping-taxable","14":"purchasable","15":"product-type-variable"},"jetpack_sharing_enabled":true,"_links":{"self":[{"href":"https:\/\/www.roudour.bzh\/br\/wp-json\/wp\/v2\/product\/3760","targetHints":{"allow":["GET"]}}],"collection":[{"href":"https:\/\/www.roudour.bzh\/br\/wp-json\/wp\/v2\/product"}],"about":[{"href":"https:\/\/www.roudour.bzh\/br\/wp-json\/wp\/v2\/types\/product"}],"replies":[{"embeddable":true,"href":"https:\/\/www.roudour.bzh\/br\/wp-json\/wp\/v2\/comments?post=3760"}],"wp:featuredmedia":[{"embeddable":true,"href":"https:\/\/www.roudour.bzh\/br\/wp-json\/wp\/v2\/media\/1790"}],"wp:attachment":[{"href":"https:\/\/www.roudour.bzh\/br\/wp-json\/wp\/v2\/media?parent=3760"}],"wp:term":[{"taxonomy":"product_brand","embeddable":true,"href":"https:\/\/www.roudour.bzh\/br\/wp-json\/wp\/v2\/product_brand?post=3760"},{"taxonomy":"product_cat","embeddable":true,"href":"https:\/\/www.roudour.bzh\/br\/wp-json\/wp\/v2\/product_cat?post=3760"},{"taxonomy":"product_tag","embeddable":true,"href":"https:\/\/www.roudour.bzh\/br\/wp-json\/wp\/v2\/product_tag?post=3760"}],"curies":[{"name":"wp","href":"https:\/\/api.w.org\/{rel}","templated":true}]}}