{"id":5220,"date":"2019-08-01T15:27:54","date_gmt":"2019-08-01T13:27:54","guid":{"rendered":"https:\/\/www.roudour.bzh\/?post_type=product&#038;p=5220"},"modified":"2019-12-10T11:58:04","modified_gmt":"2019-12-10T10:58:04","slug":"une-journee-par-semaine-niveau-debutant-objectif-a1","status":"publish","type":"product","link":"https:\/\/www.roudour.bzh\/br\/stummadurio\u00f9\/une-journee-par-semaine-br\/une-journee-par-semaine-niveau-debutant-objectif-a1\/","title":{"rendered":"Une journ\u00e9e par semaine &#8211; Dizolei\u00f1 \/ D\u00e9couverte (A1)"},"content":{"rendered":"<div class=\"wpb-content-wrapper\"><p>[vc_row][vc_column width=&nbsp;&raquo;2\/3&Prime;][vc_column_text]<\/p>\n<h3>Objectifs de la formation<\/h3>\n<p style=\"text-align: justify;\">Comprendre des expressions famili\u00e8res :<\/p>\n<ul>\n<li>comprendre des expressions et le vocabulaire du quotidien,<\/li>\n<li>comprendre des consignes claires et simples,<\/li>\n<li>reconna\u00eetre une question, une affirmation, un ordre.<\/li>\n<\/ul>\n<p style=\"text-align: justify;\">S&rsquo;exprimer \u00e0 l&rsquo;\u00e9crit :<\/p>\n<ul>\n<li>\u00e9crire des phrases simples d\u00e9j\u00e0 entendues,<\/li>\n<li>\u00e9crire un e-mail court.<\/li>\n<\/ul>\n<p style=\"text-align: justify;\">S&rsquo;exprimer \u00e0 l&rsquo;oral :<\/p>\n<ul>\n<li>saluer et prendre cong\u00e9,<\/li>\n<li>se pr\u00e9senter et pr\u00e9senter une personne,<\/li>\n<li>r\u00e9pondre \u00e0 des questions tr\u00e8s simples,<\/li>\n<li>d\u00e9crire une personne ou un lieu.<\/li>\n<\/ul>\n<p style=\"text-align: justify;\">Comprendre des textes courts :<\/p>\n<ul>\n<li>reconna\u00eetre des mots connus,<\/li>\n<li>comprendre une affiche, un panneau directionnel.<\/li>\n<\/ul>\n<h3>Public vis\u00e9<\/h3>\n<p style=\"text-align: justify;\">salari\u00e9 travaillant en breton et individuel.<\/p>\n<h3 style=\"padding-top: 20px;\">M\u00e9thodes p\u00e9dagogiques<\/h3>\n<ul>\n<li>M\u00e9thode active : mise en situation \u2013 jeux de r\u00f4les.<\/li>\n<li>M\u00e9thode interrogative.<\/li>\n<li>M\u00e9thode expositive.<\/li>\n<\/ul>\n<p>[\/vc_column_text][\/vc_column][vc_column width=&nbsp;&raquo;1\/3&Prime;][vc_hoverbox image=&nbsp;&raquo;2756&Prime; primary_title=&nbsp;&raquo;Comprendre&nbsp;&raquo; hover_title=&nbsp;&raquo;Comprendre&nbsp;&raquo;]<\/p>\n<p style=\"text-align: center;\">\u00c9coute documents audio<br \/>\nAcquisition de vocabulaire<br \/>\n\u00c9tude de textes<\/p>\n<p>[\/vc_hoverbox][vc_empty_space height=&nbsp;&raquo;20&Prime;][vc_hoverbox image=&nbsp;&raquo;2828&Prime; primary_title=&nbsp;&raquo;R\u00e9diger&nbsp;&raquo; hover_title=&nbsp;&raquo;R\u00e9diger&nbsp;&raquo;]<\/p>\n<p style=\"text-align: center;\">Construction de phrases<br \/>\nConjugaison de verbes<br \/>\nR\u00e9daction de situations<\/p>\n<p>[\/vc_hoverbox][vc_empty_space height=&nbsp;&raquo;20&Prime;][vc_hoverbox image=&nbsp;&raquo;2479&Prime; primary_title=&nbsp;&raquo;Argumenter&nbsp;&raquo; hover_title=&nbsp;&raquo;Argumenter&nbsp;&raquo;]<\/p>\n<p style=\"text-align: center;\">Jeux de r\u00f4le<br \/>\nMise en situation<br \/>\nOrganisation de d\u00e9bats<\/p>\n<p>[\/vc_hoverbox][\/vc_column][\/vc_row][vc_row el_class=&nbsp;&raquo;mg-top-30&Prime;][vc_column width=&nbsp;&raquo;1\/4&Prime;]            <div class=\"heading color-dark text-left \" >\n                                                <h2 class=\"heading-color fs-18\">\n                    Pr\u00e9requis                <\/h2>\n                            <\/div>\n            [vc_empty_space height=&nbsp;&raquo;10&Prime;][vc_column_text el_class=&nbsp;&raquo;content-icon-list&nbsp;&raquo;]Pas de pr\u00e9-requis.[\/vc_column_text][\/vc_column][vc_column width=&nbsp;&raquo;1\/4&Prime;]            <div class=\"heading color-dark text-left \" >\n                                                <h2 class=\"heading-color fs-18\">\n                    Type d'\u00e9valuation                <\/h2>\n                            <\/div>\n            [vc_empty_space height=&nbsp;&raquo;10&Prime;][vc_column_text el_class=&nbsp;&raquo;content-icon-list&nbsp;&raquo;]Dipl\u00f4me de Comp\u00e9tence en Langue (facultatif).[\/vc_column_text][\/vc_column][vc_column width=&nbsp;&raquo;1\/4&Prime;]            <div class=\"heading color-dark text-left \" >\n                                                <h2 class=\"heading-color fs-18\">\n                    Places disponibles                <\/h2>\n                            <\/div>\n            [vc_empty_space height=&nbsp;&raquo;10&Prime;][vc_column_text el_class=&nbsp;&raquo;content-icon-list&nbsp;&raquo;]De 4 \u00e0 12 stagiaires.[\/vc_column_text][\/vc_column][vc_column width=&nbsp;&raquo;1\/4&Prime;]            <div class=\"heading color-dark text-left \" >\n                                                <h2 class=\"heading-color fs-18\">\n                    Prix                <\/h2>\n                            <\/div>\n            [vc_empty_space height=&nbsp;&raquo;10&Prime;][vc_column_text el_class=&nbsp;&raquo;content-icon-list&nbsp;&raquo;]Individuel: 350 \u20ac (stage de 49h).<\/p>\n<p>Formation continue ou CPF: nous contacter au 02 98 99 75 81.[\/vc_column_text][\/vc_column][\/vc_row]<\/p>\n<\/div>","protected":false},"excerpt":{"rendered":"<h4 style=\"text-align: center;\">CARHAIX \u2013 QUIMPER &#8211; LANNION &#8211; BREST &#8211; LORIENT<\/h4>\n","protected":false},"featured_media":1790,"comment_status":"closed","ping_status":"closed","template":"","meta":{"_price":"350","_stock":"","_tribe_ticket_header":"","_tribe_default_ticket_provider":"","_tribe_ticket_capacity":"0","_ticket_start_date":"","_ticket_end_date":"","_tribe_ticket_show_description":"","_tribe_ticket_show_not_going":false,"_tribe_ticket_use_global_stock":"","_tribe_ticket_global_stock_level":"","_global_stock_mode":"","_global_stock_cap":"","_tribe_rsvp_for_event":"","_tribe_ticket_going_count":"","_tribe_ticket_not_going_count":"","_tribe_tickets_list":"[]","_tribe_ticket_has_attendee_info_fields":false},"product_brand":[],"product_cat":[147],"product_tag":[],"class_list":{"0":"post-5220","1":"product","2":"type-product","3":"status-publish","4":"has-post-thumbnail","6":"product_cat-une-journee-par-semaine-br","7":"product_shipping_class-formations-br-2","9":"first","10":"instock","11":"shipping-taxable","12":"purchasable","13":"product-type-variable"},"jetpack_sharing_enabled":true,"_links":{"self":[{"href":"https:\/\/www.roudour.bzh\/br\/wp-json\/wp\/v2\/product\/5220","targetHints":{"allow":["GET"]}}],"collection":[{"href":"https:\/\/www.roudour.bzh\/br\/wp-json\/wp\/v2\/product"}],"about":[{"href":"https:\/\/www.roudour.bzh\/br\/wp-json\/wp\/v2\/types\/product"}],"replies":[{"embeddable":true,"href":"https:\/\/www.roudour.bzh\/br\/wp-json\/wp\/v2\/comments?post=5220"}],"wp:featuredmedia":[{"embeddable":true,"href":"https:\/\/www.roudour.bzh\/br\/wp-json\/wp\/v2\/media\/1790"}],"wp:attachment":[{"href":"https:\/\/www.roudour.bzh\/br\/wp-json\/wp\/v2\/media?parent=5220"}],"wp:term":[{"taxonomy":"product_brand","embeddable":true,"href":"https:\/\/www.roudour.bzh\/br\/wp-json\/wp\/v2\/product_brand?post=5220"},{"taxonomy":"product_cat","embeddable":true,"href":"https:\/\/www.roudour.bzh\/br\/wp-json\/wp\/v2\/product_cat?post=5220"},{"taxonomy":"product_tag","embeddable":true,"href":"https:\/\/www.roudour.bzh\/br\/wp-json\/wp\/v2\/product_tag?post=5220"}],"curies":[{"name":"wp","href":"https:\/\/api.w.org\/{rel}","templated":true}]}}